{"id":2607,"date":"2023-10-16T15:07:49","date_gmt":"2023-10-16T13:07:49","guid":{"rendered":"https:\/\/hosting2053192.online.pro\/autoinstalator\/wordpress5\/?page_id=2607"},"modified":"2023-10-17T12:26:13","modified_gmt":"2023-10-17T10:26:13","slug":"privacy-policy","status":"publish","type":"page","link":"https:\/\/qnatechnology.com\/en\/privacy-policy\/","title":{"rendered":"Privacy policy"},"content":{"rendered":"\t\t<div data-elementor-type=\"wp-page\" data-elementor-id=\"2607\" class=\"elementor elementor-2607\">\n\t\t\t\t<div class=\"elementor-element elementor-element-313b5c6 e-flex e-con-boxed e-con e-parent\" data-id=\"313b5c6\" data-element_type=\"container\" data-e-type=\"container\">\n\t\t\t\t\t<div class=\"e-con-inner\">\n\t\t\t\t<div class=\"elementor-element elementor-element-5cf39b7 elementor-widget elementor-widget-spacer\" data-id=\"5cf39b7\" data-element_type=\"widget\" data-e-type=\"widget\" data-widget_type=\"spacer.default\">\n\t\t\t\t<div class=\"elementor-widget-container\">\n\t\t\t\t\t\t\t<div class=\"elementor-spacer\">\n\t\t\t<div class=\"elementor-spacer-inner\"><\/div>\n\t\t<\/div>\n\t\t\t\t\t\t<\/div>\n\t\t\t\t<\/div>\n\t\t\t\t\t<\/div>\n\t\t\t\t<\/div>\n\t\t<div class=\"elementor-element elementor-element-1bcafbcf e-con-full e-flex e-con e-parent\" data-id=\"1bcafbcf\" data-element_type=\"container\" data-e-type=\"container\" data-settings=\"{&quot;background_background&quot;:&quot;video&quot;,&quot;background_video_link&quot;:&quot;https:\\\/\\\/qnatechnology.com\\\/wp-content\\\/uploads\\\/2022\\\/05\\\/AdobeStock_423087664-1.mp4&quot;,&quot;shape_divider_bottom&quot;:&quot;curve-asymmetrical&quot;,&quot;shape_divider_bottom_negative&quot;:&quot;yes&quot;,&quot;background_privacy_mode&quot;:&quot;yes&quot;}\">\n\t\t<div class=\"elementor-background-video-container elementor-hidden-mobile\">\n\t\t\t\t\t\t\t<video class=\"elementor-background-video-hosted\" role=\"presentation\" autoplay muted playsinline loop><\/video>\n\t\t\t\t\t<\/div>\t\t<div class=\"elementor-shape elementor-shape-bottom\" aria-hidden=\"true\" data-negative=\"true\">\n\t\t\t<svg xmlns=\"http:\/\/www.w3.org\/2000\/svg\" viewBox=\"0 0 1000 100\" preserveAspectRatio=\"none\">\n\t<path class=\"elementor-shape-fill\" d=\"M615.2,96.7C240.2,97.8,0,18.9,0,0v100h1000V0C1000,19.2,989.8,96,615.2,96.7z\"\/>\n<\/svg>\t\t<\/div>\n\t\t<div class=\"elementor-element elementor-element-341a668b e-flex e-con-boxed elementor-invisible e-con e-child\" data-id=\"341a668b\" data-element_type=\"container\" data-e-type=\"container\" data-settings=\"{&quot;animation&quot;:&quot;fadeIn&quot;,&quot;animation_delay&quot;:500}\">\n\t\t\t\t\t<div class=\"e-con-inner\">\n\t\t\t\t<div class=\"elementor-element elementor-element-75481c25 elementor-widget elementor-widget-text-editor\" data-id=\"75481c25\" data-element_type=\"widget\" data-e-type=\"widget\" data-widget_type=\"text-editor.default\">\n\t\t\t\t<div class=\"elementor-widget-container\">\n\t\t\t\t\t\t\t\t\t<p>Polityka przetwarzania <br \/>danych osobowych<\/p>\t\t\t\t\t\t\t\t<\/div>\n\t\t\t\t<\/div>\n\t\t\t\t\t<\/div>\n\t\t\t\t<\/div>\n\t\t\t\t<\/div>\n\t\t<div class=\"elementor-element elementor-element-eec26d1 e-flex e-con-boxed e-con e-parent\" data-id=\"eec26d1\" data-element_type=\"container\" data-e-type=\"container\">\n\t\t\t\t\t<div class=\"e-con-inner\">\n\t\t\t\t<div class=\"elementor-element elementor-element-4dd3f09 elementor-widget elementor-widget-text-editor\" data-id=\"4dd3f09\" data-element_type=\"widget\" data-e-type=\"widget\" data-widget_type=\"text-editor.default\">\n\t\t\t\t<div class=\"elementor-widget-container\">\n\t\t\t\t\t\t\t\t\t<p><strong>Przetwarzanie danych osobowych \u2013 polityka prywatno\u015bci<\/strong><\/p><p>QNA Technology S.A. przyk\u0142ada du\u017c\u0105 wag\u0119 do rozwoju technologii, jak r\u00f3wnie\u017c do ochrony prywatno\u015bci i zachowania poufno\u015bci Twoich danych osobowych. Cenimy sobie Tw\u00f3j czas i Twoje dane, dlatego ich przetwarzanie b\u0119dzie si\u0119 odbywa\u0142o zgodnie z prawem \u2013 og\u00f3lnym rozporz\u0105dzeniem o ochronie danych (GDPR*).<\/p><p>Je\u017celi pragniesz dowiedzie\u0107 si\u0119 na jakich zasadach przetwarzamy Twoje dane osobowe, zapoznaj si\u0119 z poni\u017csz\u0105 polityk\u0105 prywatno\u015bci.<\/p><p>\u00a0<\/p><p><strong>Kto jest administratorem twoich danych osobowych?<\/strong><\/p><p>Administratorem, czyli podmiotem decyduj\u0105cym o tym, jak b\u0119d\u0105 wykorzystywane Twoje dane osobowe jest QNA Technology S.A., ul. Du\u0144ska 9, 54-427 Wroc\u0142aw, wpisana do rejestru przedsi\u0119biorc\u00f3w prowadzonego przez S\u0105d Rejonowy dla Wroc\u0142awia \u2013 Fabrycznej we Wroc\u0142awiu VI Wydzia\u0142 Gospodarczy Krajowego Rejestru S\u0105dowego (nr KRS: 0000982071).<\/p><p>\u00a0<\/p><p><strong>Jak si\u0119 z nami skontaktowa\u0107, \u017ceby uzyska\u0107 wi\u0119cej informacji o przetwarzaniu danych osobowych?<\/strong><\/p><p>Je\u015bli masz pytanie dotycz\u0105ce sposobu i zakresu przetwarzania Twoich danych osobowych przez QNA Technology S.A., przys\u0142uguj\u0105cych uprawnie\u0144 lub pragn\u0105\u0142by\u015b pozyska\u0107 kopie swoich danych osobowych albo skorzysta\u0107 z innych praw Tobie przys\u0142uguj\u0105cych (o kt\u00f3rych poni\u017cej), jeste\u015bmy dla Ciebie dost\u0119pni:<\/p><p>pod nr telefonu: <strong>+48 882 760 674<\/strong><\/p><p>pod adresem e-mail: <strong>info@qnatechnology.com<\/strong><\/p><p>pod adresem firmy: <strong>QNA Technology S.A., ul. Du\u0144ska 9, 54-427 Wroc\u0142aw, Polska.<\/strong><\/p><p>QNA Technology S.A. nie powo\u0142a\u0142a Inspektora ochrony danych, lecz korzysta z pomocy ekspert\u00f3w, kt\u00f3rzy b\u0119d\u0105 przyk\u0142ada\u0107 najwy\u017csz\u0105 wag\u0119 do ochrony Twojej prywatno\u015bci.<\/p><p>\u00a0<\/p><p><strong>Jakie dane przetwarzamy i w jakim celu?<\/strong><\/p><p>Nie przetwarzamy nie wi\u0119cej danych ni\u017c jest to koniecznie potrzebne. Je\u017celi pragniesz pozostawi\u0107 wi\u0119cej informacji o sobie \u2013 pozostawiamy to do Twojego wyboru.<\/p><p>Przetwarzamy tylko dane niezb\u0119dne do kontaktu z nami oraz dane, kt\u00f3re pozostawiasz w ramach poruszania si\u0119 po naszej stronie, a kt\u00f3re zostawiasz w plikach cookies<br \/>(Wi\u0119cej o polityce cookies znajduje si\u0119 pod tym linkiem <a href=\"\/polityka-cookies\">link<\/a>).<\/p><p>\u00a0<\/p><p><strong>Jakie uprawnienia posiadasz w zakresie przetwarzanych danych osobowych?<\/strong><\/p><ul><li>prawo do dost\u0119pu do Twoich danych<\/li><li>prawo do ich poprawiania<\/li><li>prawo do \u017c\u0105dania ich usuni\u0119cia<\/li><li>prawo do ograniczenia przetwarzania<\/li><li>prawo wniesienia sprzeciwu co do przetwarzania Twoich danych osobowych<\/li><li>prawo do bycia zapomnianym<\/li><li>prawo do cofni\u0119cia zgody<\/li><\/ul><p>Ze wszystkich tych praw mo\u017cesz skorzysta\u0107 kontaktuj\u0105c si\u0119 z nami (informacje kontaktowe powy\u017cej).<\/p><p>\u00a0<\/p><p><strong>Sk\u0105d pozyskujemy pa\u0144stwa dane osobowe?<\/strong><\/p><p>Twoje dane osobowe uzyskujemy tylko i wy\u0142\u0105cznie od Ciebie.<\/p><p>\u00a0<\/p><p><strong>Komu udost\u0119pniamy twoje dane osobowe?<\/strong><\/p><p>Twoje dane osobowe mog\u0105 by\u0107 przekazywane podmiotom przetwarzaj\u0105cym je na zlecenie QNA Technology S.A., to jest agencjom marketingowym, partnerom \u015bwiadcz\u0105cym us\u0142ugi techniczne<br \/>(rozwijanie i utrzymywanie system\u00f3w informatycznych i serwisu internetowego).<\/p><p>Opr\u00f3cz tego Twoje dane mog\u0105 by\u0107 udost\u0119pniane podmiotom uprawnionym do ich otrzymania na mocy obowi\u0105zuj\u0105cych przepis\u00f3w prawa, w tym w\u0142a\u015bciwym organom wymiaru sprawiedliwo\u015bci.<\/p><p>\u00a0<\/p><p><strong>Jak d\u0142ugo przechowujemy twoje dane osobowe?<\/strong><\/p><p>Przez czas prowadzenia dzia\u0142a\u0144 marketingowych przez nas, chyba \u017ce wyrazisz sw\u00f3j sprzeciw albo do czasu odwo\u0142ania przez Ciebie zgody na wysy\u0142anie wiadomo\u015bci na Tw\u00f3j adres e-mail.<br \/>Odwo\u0142anie przez Ciebie zgody nie wp\u0142ywa na zgodno\u015b\u0107 z prawem przetwarzania przed wycofaniem zgody<\/p><p>\u00a0<\/p><p><strong>Prawo wniesienia skargi do puodo<\/strong><\/p><p>Je\u015bli uwa\u017casz, \u017ce QNA Technology S.A. przetwarza Twoje dane osobowe w niew\u0142a\u015bciwy spos\u00f3b, skontaktuj si\u0119 z nami.<br \/>Masz te\u017c prawo zg\u0142osi\u0107 skarg\u0119 w organie nadzorczym, w\u0142a\u015bciwym w sprawach ochrony danych osobowych. W Polsce jest nim Prezes Urz\u0119du Ochrony Danych Osobowych.<br \/>Informacje adresowe: Biuro Urz\u0119du Ochrony Danych Osobowych, ul. Stawki 2,<br \/>00-193 Warszawa. Nr tel. 22 531 03 00, fax. 22 531 03 01, adres e-mail: kancelaria@uodo.gov.pl. Strona internetowa PUODO: <a href=\"https:\/\/www.uodo.gov.pl\">www.uodo.gov.pl<\/a>.<\/p><p>\u00a0<\/p><p><strong>Czy przekazujemy twoje dane osobowe do pa\u0144stw\u00a0<\/strong><strong>spoza europejskiego obszaru gospodarczego?<\/strong><\/p><p>Zebrane dane osobowe przechowujemy na terenie Europejskiego Obszaru Gospodarczego (\u201eEOG\u201d). Nie przekazujemy Twoich danych do organizacji mi\u0119dzynarodowej ani pa\u0144stw spoza EOG.<\/p><p>\u00a0<\/p><p><strong>Czy przetwarzamy twoje dane osobowe automatycznie (w tym poprzez profilowanie)\u00a0<\/strong><strong>w spos\u00f3b wp\u0142ywaj\u0105cy na twoje prawa?<\/strong><\/p><p>Wobec Ciebie nie nast\u0119puje proces zautomatyzowanego podejmowania decyzji ani profilowania. Twoje dane osobowe b\u0119d\u0105 przetwarzane w systemie informatycznym QNA Technology S.A.<\/p><p>* <strong>GDPR<\/strong> \u2013 Rozporz\u0105dzenie Parlamentu Europejskiego i Rady (UE) 2016\/679 z dnia 27 kwietnia 2016 roku w sprawie ochrony os\u00f3b fizycznych w zwi\u0105zku z przetwarzaniem danych osobowych<br \/>i w sprawie swobodnego przep\u0142ywu takich danych oraz uchylenia dyrektywy 95\/46\/WE.<\/p>\t\t\t\t\t\t\t\t<\/div>\n\t\t\t\t<\/div>\n\t\t\t\t\t<\/div>\n\t\t\t\t<\/div>\n\t\t\t\t<\/div>\n\t\t","protected":false},"excerpt":{"rendered":"","protected":false},"author":1,"featured_media":0,"parent":0,"menu_order":0,"comment_status":"closed","ping_status":"closed","template":"elementor_header_footer","meta":{"inline_featured_image":false,"footnotes":""},"class_list":["post-2607","page","type-page","status-publish","hentry"],"_links":{"self":[{"href":"https:\/\/qnatechnology.com\/en\/wp-json\/wp\/v2\/pages\/2607","targetHints":{"allow":["GET"]}}],"collection":[{"href":"https:\/\/qnatechnology.com\/en\/wp-json\/wp\/v2\/pages"}],"about":[{"href":"https:\/\/qnatechnology.com\/en\/wp-json\/wp\/v2\/types\/page"}],"author":[{"embeddable":true,"href":"https:\/\/qnatechnology.com\/en\/wp-json\/wp\/v2\/users\/1"}],"replies":[{"embeddable":true,"href":"https:\/\/qnatechnology.com\/en\/wp-json\/wp\/v2\/comments?post=2607"}],"version-history":[{"count":0,"href":"https:\/\/qnatechnology.com\/en\/wp-json\/wp\/v2\/pages\/2607\/revisions"}],"wp:attachment":[{"href":"https:\/\/qnatechnology.com\/en\/wp-json\/wp\/v2\/media?parent=2607"}],"curies":[{"name":"wp","href":"https:\/\/api.w.org\/{rel}","templated":true}]}}